{"id":58,"date":"2022-12-18T23:16:42","date_gmt":"2022-12-18T23:16:42","guid":{"rendered":"https:\/\/dpdiseno.com\/?page_id=58"},"modified":"2024-07-02T18:31:19","modified_gmt":"2024-07-02T18:31:19","slug":"what-we-do","status":"publish","type":"page","link":"https:\/\/dpdiseno.com\/?page_id=58","title":{"rendered":"What We Do"},"content":{"rendered":"\n<div class=\"wp-block-uagb-container uagb-block-4f5b6255 alignfull uagb-is-root-container\"><div class=\"uagb-container-inner-blocks-wrap\">\n<div class=\"wp-block-uagb-container uagb-block-bbfeb383\">\n<div class=\"wp-block-uagb-advanced-heading uagb-block-41b08095\"><div class=\"uagb-separator\"><\/div><p class=\"uagb-heading-text\">Your Attractive Heading<\/p><\/div>\n<\/div>\n\n\n\n<div class=\"wp-block-uagb-container uagb-block-58528d14\">\n<div class=\"wp-block-uagb-advanced-heading uagb-block-e0dabc82\"><h1 class=\"uagb-heading-text\">What We<br>Do<\/h1><\/div>\n<\/div>\n<\/div><\/div>\n\n\n\n<div class=\"wp-block-uagb-container uagb-block-e574167a alignfull uagb-is-root-container\"><div class=\"uagb-container-inner-blocks-wrap\">\n<div class=\"wp-block-uagb-container uagb-block-9a18f732\">\n<div class=\"wp-block-uagb-advanced-heading uagb-block-a5f5ddfd\"><h2 class=\"uagb-heading-text\"> NUESTROS SERVICIOS<\/h2><\/div>\n<\/div>\n<\/div><\/div>\n\n\n\n<div class=\"wp-block-uagb-container uagb-block-568b9bf3 alignfull uagb-is-root-container\"><div class=\"uagb-container-inner-blocks-wrap\">\n<div class=\"wp-block-uagb-container uagb-block-951e81ff\">\n<div class=\"wp-block-uagb-image alignwide uagb-block-e59d65bd wp-block-uagb-image--layout-default wp-block-uagb-image--effect-static wp-block-uagb-image--align-wide\"><figure class=\"wp-block-uagb-image__figure\"><img srcset=\"https:\/\/dpdiseno.com\/wp-content\/uploads\/2023\/11\/Recurso-6.png ,https:\/\/dpdiseno.com\/wp-content\/uploads\/2023\/11\/Recurso-6.png 780w, https:\/\/dpdiseno.com\/wp-content\/uploads\/2023\/11\/Recurso-6.png 360w\" sizes=\"(max-width: 480px) 150px\" src=\"https:\/\/dpdiseno.com\/wp-content\/uploads\/2023\/11\/Recurso-6.png\" alt=\"\" class=\"uag-image-1259\" width=\"1321\" height=\"489\" title=\"\" loading=\"lazy\"\/><\/figure><\/div>\n<\/div>\n\n\n\n<div class=\"wp-block-uagb-container uagb-block-bdc8c858\">\n<div class=\"wp-container-2 wp-block-columns are-vertically-aligned-bottom\">\n<div class=\"wp-container-1 wp-block-column is-vertically-aligned-top\" style=\"flex-basis:100%\">\n<blockquote class=\"wp-block-quote has-text-align-left is-style-default\" style=\"font-size:19px\"><p>Apoyamos     a     las   agencias                                                      en                                                                                                   la             ejecuci\u00f3n                de      campa\u00f1as publicitarias       y      desarrollo     de    piezas   especiales.                              Manejamos   todo    tipo   de  piezas publicitarias       y       branding      en     cualquier      formato.<br>Realizamos sus instalaciones tanto        en  exteriores   como   en   interiores.<\/p><\/blockquote>\n<\/div>\n<\/div>\n<\/div>\n<\/div><\/div>\n\n\n\n<div class=\"wp-block-uagb-container uagb-block-6ca55cfa alignfull uagb-is-root-container\"><div class=\"uagb-container-inner-blocks-wrap\">\n<div class=\"wp-block-uagb-container uagb-block-b1ec92d0\">\n<div class=\"wp-container-4 wp-block-columns\">\n<div class=\"wp-container-3 wp-block-column\" style=\"flex-basis:100%\">\n<blockquote class=\"wp-block-quote has-text-align-left\" style=\"font-size:19px\"><p>Dise\u00f1amos    espacios   acordes                        a   los requerimientos   y  las necesidades  del cliente,   resaltando    la    marca   como           parte   fundamental   de   la   exhibici\u00f3n,<br>junto   con  el  manejo  de   elementos  y detalles  que   nos   permiten  captar  la atenci\u00f3n  de  los  visitantes, generando<br>una sinergia que logra una interacci\u00f3n afable con el p\u00fablico.<\/p><\/blockquote>\n<\/div>\n<\/div>\n<\/div>\n\n\n\n<div class=\"wp-block-uagb-container uagb-block-8881ee64\">\n<div class=\"wp-block-uagb-image alignwide uagb-block-59a89af2 wp-block-uagb-image--layout-default wp-block-uagb-image--effect-static wp-block-uagb-image--align-wide\"><figure class=\"wp-block-uagb-image__figure\"><img srcset=\"https:\/\/dpdiseno.com\/wp-content\/uploads\/2024\/03\/stands-final.png ,https:\/\/dpdiseno.com\/wp-content\/uploads\/2024\/03\/stands-final.png 780w, https:\/\/dpdiseno.com\/wp-content\/uploads\/2024\/03\/stands-final.png 360w\" sizes=\"(max-width: 480px) 150px\" src=\"https:\/\/dpdiseno.com\/wp-content\/uploads\/2024\/03\/stands-final.png\" alt=\"\" class=\"uag-image-1305\" width=\"1321\" height=\"489\" title=\"\" loading=\"lazy\"\/><\/figure><\/div>\n<\/div>\n<\/div><\/div>\n\n\n\n<div class=\"wp-block-uagb-container uagb-block-7a6f033c alignfull uagb-is-root-container\"><div class=\"uagb-container-inner-blocks-wrap\">\n<div class=\"wp-block-uagb-container uagb-block-434b5739\">\n<div class=\"wp-block-uagb-image alignwide uagb-block-226f2212 wp-block-uagb-image--layout-default wp-block-uagb-image--effect-static wp-block-uagb-image--align-wide\"><figure class=\"wp-block-uagb-image__figure\"><img srcset=\"https:\/\/dpdiseno.com\/wp-content\/uploads\/2024\/03\/5-remo.png ,https:\/\/dpdiseno.com\/wp-content\/uploads\/2024\/03\/5-remo.png 780w, https:\/\/dpdiseno.com\/wp-content\/uploads\/2024\/03\/5-remo.png 360w\" sizes=\"(max-width: 480px) 150px\" src=\"https:\/\/dpdiseno.com\/wp-content\/uploads\/2024\/03\/5-remo.png\" alt=\"\" class=\"uag-image-1306\" width=\"1321\" height=\"489\" title=\"\" loading=\"lazy\"\/><\/figure><\/div>\n<\/div>\n\n\n\n<div class=\"wp-block-uagb-container uagb-block-6e806679\">\n<div class=\"wp-container-6 wp-block-columns\">\n<div class=\"wp-container-5 wp-block-column\" style=\"flex-basis:100%\">\n<blockquote class=\"wp-block-quote\" style=\"font-size:19px\"><p>Cada    empresa,    cada   persona   son mundos     diferentes,     por     eso    nos dedicamos  a dise\u00f1ar soluciones a sus necesidades    por    medio    de     ideas creativas      y      personalizadas      que armonicen los  espacios,  entendiendo sus      gustos      y      estilos,      logrando materializar      sus      proyectos      para        generar   un   refresh   en   su    entorno.<\/p><\/blockquote>\n<\/div>\n<\/div>\n<\/div>\n<\/div><\/div>\n\n\n\n<div class=\"wp-block-uagb-container uagb-block-23a79a31 alignfull uagb-is-root-container\"><div class=\"uagb-container-inner-blocks-wrap\">\n<div class=\"wp-block-uagb-container uagb-block-60bba649\">\n<div class=\"wp-container-8 wp-block-columns\">\n<div class=\"wp-container-7 wp-block-column\" style=\"flex-basis:100%\">\n<blockquote class=\"wp-block-quote\" style=\"font-size:19px\"><p>Realizamos     el     dise\u00f1o    y    toda      la<br>instalaci\u00f3n   de   tu   evento. <br>Desarrollamos   propuestas enfocados en     generar      un    Look        innovador, diferente    y    moderno.<br>Creamos  experiencias  a  los visitantes por        medio      de      performance      y  tecnolog\u00eda    audio      visual,     logrando         un   alto  nivel    de   recordaci\u00f3n   de   tu marca.<\/p><\/blockquote>\n<\/div>\n<\/div>\n<\/div>\n\n\n\n<div class=\"wp-block-uagb-container uagb-block-686c3aa8\">\n<div class=\"wp-block-uagb-image alignwide uagb-block-0f02c356 wp-block-uagb-image--layout-default wp-block-uagb-image--effect-static wp-block-uagb-image--align-wide\"><figure class=\"wp-block-uagb-image__figure\"><img srcset=\"https:\/\/dpdiseno.com\/wp-content\/uploads\/2024\/03\/6-event.png ,https:\/\/dpdiseno.com\/wp-content\/uploads\/2024\/03\/6-event.png 780w, https:\/\/dpdiseno.com\/wp-content\/uploads\/2024\/03\/6-event.png 360w\" sizes=\"(max-width: 480px) 150px\" src=\"https:\/\/dpdiseno.com\/wp-content\/uploads\/2024\/03\/6-event.png\" alt=\"\" class=\"uag-image-1307\" width=\"1321\" height=\"489\" title=\"\" loading=\"lazy\"\/><\/figure><\/div>\n<\/div>\n<\/div><\/div>\n\n\n\n<figure class=\"wp-block-image alignwide size-large\"><img loading=\"lazy\" width=\"1024\" height=\"381\" src=\"https:\/\/dpdiseno.com\/wp-content\/uploads\/2024\/04\/PDP10-1024x381.png\" alt=\"\" class=\"wp-image-1455\" srcset=\"https:\/\/dpdiseno.com\/wp-content\/uploads\/2024\/04\/PDP10-1024x381.png 1024w, https:\/\/dpdiseno.com\/wp-content\/uploads\/2024\/04\/PDP10-300x112.png 300w, https:\/\/dpdiseno.com\/wp-content\/uploads\/2024\/04\/PDP10-768x286.png 768w, https:\/\/dpdiseno.com\/wp-content\/uploads\/2024\/04\/PDP10-1536x571.png 1536w, https:\/\/dpdiseno.com\/wp-content\/uploads\/2024\/04\/PDP10.png 1829w\" sizes=\"(max-width: 1024px) 100vw, 1024px\" \/><\/figure>\n\n\n\n<p><\/p>\n\n\n\n<div class=\"wp-block-uagb-image aligncenter uagb-block-ef5a9fec wp-block-uagb-image--layout-default wp-block-uagb-image--effect-zoomin wp-block-uagb-image--align-center\"><figure class=\"wp-block-uagb-image__figure\"><a class=\"\" href=\"https:\/\/dpdiseno.com\/?page_id=61\" target=\"\" rel=\"noopener\"><img srcset=\"https:\/\/dpdiseno.com\/wp-content\/uploads\/2024\/04\/BOTON-ESCRIBANOS-1.png ,https:\/\/dpdiseno.com\/wp-content\/uploads\/2024\/04\/BOTON-ESCRIBANOS-1.png 780w, https:\/\/dpdiseno.com\/wp-content\/uploads\/2024\/04\/BOTON-ESCRIBANOS-1.png 360w\" sizes=\"(max-width: 480px) 150px\" src=\"https:\/\/dpdiseno.com\/wp-content\/uploads\/2024\/04\/BOTON-ESCRIBANOS-1.png\" alt=\"\" class=\"uag-image-1516\" width=\"683\" height=\"297\" title=\"\" loading=\"lazy\"\/><\/a><\/figure><\/div>\n\n\n\n<div class=\"wp-block-uagb-container uagb-block-8ead1741 alignfull uagb-is-root-container\"><div class=\"uagb-container-inner-blocks-wrap\">\n<div class=\"wp-block-uagb-container uagb-block-aef522c0\"><\/div>\n<\/div><\/div>\n","protected":false},"excerpt":{"rendered":"<p>Your Attractive Heading What WeDo NUESTROS SERVICIOS Apoyamos a las agencias en la ejecuci\u00f3n de campa\u00f1as publicitarias y desarrollo de piezas especiales. Manejamos todo tipo de piezas publicitarias y branding en cualquier formato.Realizamos sus instalaciones tanto en exteriores como en interiores. Dise\u00f1amos espacios acordes a los requerimientos y las necesidades del cliente, resaltando la marca &hellip;<\/p>\n<p class=\"read-more\"> <a class=\"\" href=\"https:\/\/dpdiseno.com\/?page_id=58\"> <span class=\"screen-reader-text\">What We Do<\/span> Leer m\u00e1s &raquo;<\/a><\/p>\n","protected":false},"author":1,"featured_media":0,"parent":0,"menu_order":0,"comment_status":"closed","ping_status":"closed","template":"","meta":{"om_disable_all_campaigns":false,"_uag_custom_page_level_css":"","_monsterinsights_skip_tracking":false,"_monsterinsights_sitenote_active":false,"_monsterinsights_sitenote_note":"","_monsterinsights_sitenote_category":0,"site-sidebar-layout":"default","site-content-layout":"","ast-site-content-layout":"default","site-content-style":"default","site-sidebar-style":"default","ast-global-header-display":"","ast-banner-title-visibility":"","ast-main-header-display":"","ast-hfb-above-header-display":"","ast-hfb-below-header-display":"","ast-hfb-mobile-header-display":"","site-post-title":"disabled","ast-breadcrumbs-content":"","ast-featured-img":"","footer-sml-layout":"","theme-transparent-header-meta":"enabled","adv-header-id-meta":"","stick-header-meta":"","header-above-stick-meta":"","header-main-stick-meta":"","header-below-stick-meta":"","astra-migrate-meta-layouts":"set","ast-page-background-enabled":"default","ast-page-background-meta":{"desktop":{"background-color":"var(--ast-global-color-4)","background-image":"","background-repeat":"repeat","background-position":"center center","background-size":"auto","background-attachment":"scroll","background-type":"","background-media":"","overlay-type":"","overlay-color":"","overlay-gradient":""},"tablet":{"background-color":"","background-image":"","background-repeat":"repeat","background-position":"center center","background-size":"auto","background-attachment":"scroll","background-type":"","background-media":"","overlay-type":"","overlay-color":"","overlay-gradient":""},"mobile":{"background-color":"","background-image":"","background-repeat":"repeat","background-position":"center center","background-size":"auto","background-attachment":"scroll","background-type":"","background-media":"","overlay-type":"","overlay-color":"","overlay-gradient":""}},"ast-content-background-meta":{"desktop":{"background-color":"var(--ast-global-color-5)","background-image":"","background-repeat":"repeat","background-position":"center center","background-size":"auto","background-attachment":"scroll","background-type":"","background-media":"","overlay-type":"","overlay-color":"","overlay-gradient":""},"tablet":{"background-color":"var(--ast-global-color-5)","background-image":"","background-repeat":"repeat","background-position":"center center","background-size":"auto","background-attachment":"scroll","background-type":"","background-media":"","overlay-type":"","overlay-color":"","overlay-gradient":""},"mobile":{"background-color":"var(--ast-global-color-5)","background-image":"","background-repeat":"repeat","background-position":"center center","background-size":"auto","background-attachment":"scroll","background-type":"","background-media":"","overlay-type":"","overlay-color":"","overlay-gradient":""}}},"aioseo_notices":[],"uagb_featured_image_src":{"full":false,"thumbnail":false,"medium":false,"medium_large":false,"large":false,"1536x1536":false,"2048x2048":false},"uagb_author_info":{"display_name":"diprodiseno.info@gmail.com","author_link":"https:\/\/dpdiseno.com\/?author=1"},"uagb_comment_info":0,"uagb_excerpt":"Your Attractive Heading What WeDo NUESTROS SERVICIOS Apoyamos a las agencias en la ejecuci\u00f3n de campa\u00f1as publicitarias y desarrollo de piezas especiales. Manejamos todo tipo de piezas publicitarias y branding en cualquier formato.Realizamos sus instalaciones tanto en exteriores como en interiores. Dise\u00f1amos espacios acordes a los requerimientos y las necesidades del cliente, resaltando la marca&hellip;","_links":{"self":[{"href":"https:\/\/dpdiseno.com\/index.php?rest_route=\/wp\/v2\/pages\/58"}],"collection":[{"href":"https:\/\/dpdiseno.com\/index.php?rest_route=\/wp\/v2\/pages"}],"about":[{"href":"https:\/\/dpdiseno.com\/index.php?rest_route=\/wp\/v2\/types\/page"}],"author":[{"embeddable":true,"href":"https:\/\/dpdiseno.com\/index.php?rest_route=\/wp\/v2\/users\/1"}],"replies":[{"embeddable":true,"href":"https:\/\/dpdiseno.com\/index.php?rest_route=%2Fwp%2Fv2%2Fcomments&post=58"}],"version-history":[{"count":91,"href":"https:\/\/dpdiseno.com\/index.php?rest_route=\/wp\/v2\/pages\/58\/revisions"}],"predecessor-version":[{"id":1652,"href":"https:\/\/dpdiseno.com\/index.php?rest_route=\/wp\/v2\/pages\/58\/revisions\/1652"}],"wp:attachment":[{"href":"https:\/\/dpdiseno.com\/index.php?rest_route=%2Fwp%2Fv2%2Fmedia&parent=58"}],"curies":[{"name":"wp","href":"https:\/\/api.w.org\/{rel}","templated":true}]}}